{"id":416,"date":"2024-02-28T13:17:30","date_gmt":"2024-02-28T12:17:30","guid":{"rendered":"https:\/\/musikochteaterbiblioteket.se\/?page_id=416"},"modified":"2024-11-04T09:49:30","modified_gmt":"2024-11-04T08:49:30","slug":"musihkka-ja-teahtergirjeradjosa-birra-musik-och-teaterbiblioteket","status":"publish","type":"page","link":"https:\/\/musikochteaterbiblioteket.se\/sm\/","title":{"rendered":"Musihkka- ja te\u00e1htergirjer\u00e1djosa birra \/ Musik- och teaterbiblioteket"},"content":{"rendered":"\n\n<div class=\"w-constrained richtext\"><external-link-icon>\n<h2 class=\"wp-block-heading\">Rabas juohkeha\u017e\u017eii<\/h2>\n<\/external-link-icon><\/div>\n\n<div class=\"w-constrained richtext\"><external-link-icon>\n<p>Musihkka- ja te\u00e1htergirjer\u00e1jus lea rabas juohkeha\u017e\u017eii. Min luoikit leat sihke priv\u00e1hta olbmot ja kulturbargit ja maidd\u00e1i oahpaheaddjit, studeanttat ja dutkit.<\/p>\n<\/external-link-icon><\/div>\n\n<div class=\"w-constrained richtext\"><external-link-icon>\n<p>D\u00e1ppe s\u00e1ht\u00e1t ollu musihka, te\u00e1hter ja d\u00e1nssa surggiid siskkobealde luoikat. Mis lea maid stuorra \u010doakk\u00e1ldat, vearditmeahttun ja historjj\u00e1la\u0161 materi\u00e1las. Mii geat bargat girjer\u00e1djosis veahkehit \u00e1innas du g\u00e1vdnat die\u0111uid maid ozat.<\/p>\n<\/external-link-icon><\/div>\n\n<div class=\"w-constrained richtext\"><external-link-icon>\n<h2 class=\"wp-block-heading\">Luoikka ja vie\u010d\u010da olles riikkas<\/h2>\n<\/external-link-icon><\/div>\n\n<div class=\"w-constrained richtext\"><external-link-icon>\n<p>Loatnakoarttain beasat luoikat \u010duohten\u00e1ri girjji ja nuohtaid, sullii 40 000 te\u00e1htergiehta\u010d\u00e1llosiid, \u010duohten\u00e1ri \u00e1ige\u010d\u00e1llagiid ja beasat maidd\u00e1i m\u00e1\u014bga musihkka- ja te\u00e1hterdiehtovuo\u0111uide.<\/p>\n<\/external-link-icon><\/div>\n\n<div class=\"w-constrained richtext\"><external-link-icon>\n<p>S\u00e1ht\u00e1t luoikat mis vaikko gos Ruo\u0167as du ie\u017eat girjer\u00e1djosis. Loga eanet g\u00e1iddusluoikama birra (L\u00c4NK).<\/p>\n<\/external-link-icon><\/div>\n\n<div class=\"w-constrained richtext\"><external-link-icon>\n<p>Neahttab\u00e1ikkis s\u00e1ht\u00e1t vie\u017e\u017eat girjer\u00e1djosa digit\u00e1la nuohtaid \u010doakk\u00e1ldagas (L\u00c4NK) ja \u010d\u00e1lihit daid ruovttus. S\u00e1ht\u00e1t maid v\u00e1ldit oasi min \u010doakk\u00e1ldaga digitaliserejuvvon govain ja muhtin muddui arkiivamateri\u00e1las (L\u00c4NK).<\/p>\n<\/external-link-icon><\/div>\n\n<div class=\"w-constrained richtext\"><external-link-icon>\n<h2 class=\"wp-block-heading\">Gallet min Stockholmmas<\/h2>\n<\/external-link-icon><\/div>\n\n<div class=\"w-constrained richtext\"><external-link-icon>\n<p>Musihkka- ja te\u00e1htergirjer\u00e1jus lea <a href=\"https:\/\/www.google.com\/maps\/place\/Musik-+och+teaterbiblioteket\/@59.3401868,18.1109253,17z\/data=!3m1!4b1!4m6!3m5!1s0x465f9d7b4f43ea93:0xbc61e8ed6c49ac9c!8m2!3d59.3401868!4d18.1135002!16s%2Fg%2F11dyj3z3q?entry=ttu&amp;g_ep=EgoyMDI0MTAyOS4wIKXMDSoASAFQAw%3D%3D\">Tegeluddsv\u00e4gen 100:is Stockholmmas<\/a>. D\u00e1ppe s\u00e1ht\u00e1t oa\u017e\u017eut veahki ohcat nuohtaid, girjj\u00e1la\u0161vuo\u0111a, b\u00e1ddemiid ja arkiivamateri\u00e1laid. S\u00e1ht\u00e1t maid m\u00e1\u014bget dahje sk\u00e1nnet materi\u00e1laid allasii.<\/p>\n<\/external-link-icon><\/div>\n\n<div class=\"w-constrained richtext\"><external-link-icon>\n<p>Girjer\u00e1djosis leat lohkanlatnja, joavkolantnja maid s\u00e1htt\u00e1 v\u00e1rret ja lanjat gos s\u00e1htt\u00e1 guldalit musihka, geah\u010d\u010dat filmmaid ja \u010duojahit keyboard. Mis lea nuvtt\u00e1 Wifi.<\/p>\n<\/external-link-icon><\/div>\n\n<div class=\"w-constrained richtext\"><external-link-icon>\n<h2 class=\"wp-block-heading\">Vearditmeahttun ja historjj\u00e1la\u0161 materi\u00e1la<\/h2>\n<\/external-link-icon><\/div>\n\n<div class=\"w-constrained richtext\"><external-link-icon>\n<p>Girjer\u00e1djosa arkiivvas ja \u010doakk\u00e1ldagas g\u00e1vnnat materi\u00e1laid olbmuin, servviin ja \u00e1sahusain geat leat leama\u0161 l\u00e1vded\u00e1iddasuorggis. D\u00e1ppe g\u00e1vnnat maid 1500-1800 logu&nbsp; reivviid, giehta\u010d\u00e1llojuvvon nuohtaid ja giehta\u010d\u00e1llagiid. Boarr\u00e1seamos giehta\u010d\u00e1la lea 1150 logu girkomusihkka m\u00e1hccojuvvon b\u00e1hpiris. Girjer\u00e1djosis lea maid stuorra govva \u010doakk\u00e1ldat.<\/p>\n<\/external-link-icon><\/div>\n\n<div class=\"w-constrained richtext\"><external-link-icon>\n<p>Muhtin oassi materi\u00e1las lea digitaliserejuvvon ja lea vejola\u0161 ohcat daid min diehtovuo\u0111us (L\u00c4NK). V\u00e1ldde \u00e1innas oktavuo\u0111a (L\u00c4NK) jus d\u00e1rbba\u0161at veahki ohcat \u010doakk\u00e1ldagain ja v\u00e1ldit oasi min materi\u00e1las.<\/p>\n<\/external-link-icon><\/div>\n\n<div class=\"w-constrained richtext\"><external-link-icon>\n<h2 class=\"wp-block-heading\">Girjer\u00e1djosa historjj\u00e1<\/h2>\n<\/external-link-icon><\/div>\n\n<div class=\"w-constrained richtext\"><external-link-icon>\n<p>Min historjj\u00e1 \u00e1lggii juo 250 jagi \u00e1igi. Girjer\u00e1jus lei \u00e1lggus oassin Gonagasla\u0161 Musik\u00e1lala\u0161 akademiijas mii vuo\u0111\u0111uduvvui 1771. Jagi 1849 rahpasii girjer\u00e1jus \u00e1lbmogii.<\/p>\n<\/external-link-icon><\/div>\n\n<div class=\"w-constrained richtext\"><external-link-icon>\n<p>Odne gok\u010d\u00e1 girjer\u00e1jus olles l\u00e1vded\u00e1iddasuorggi ja lea oassin <a href=\"https:\/\/www.google.com\/maps\/place\/Musik-+och+teaterbiblioteket\/@59.3401868,18.1109253,17z\/data=!3m1!4b1!4m6!3m5!1s0x465f9d7b4f43ea93:0xbc61e8ed6c49ac9c!8m2!3d59.3401868!4d18.1135002!16s%2Fg%2F11dyj3z3q?entry=ttu&amp;g_ep=EgoyMDI0MTAyOS4wIKXMDSoASAFQAw%3D%3D\">St\u00e1hta musihkkadoaimmahat<\/a> \u00e1sahusas.<\/p>\n<\/external-link-icon><\/div>","protected":false},"excerpt":{"rendered":"<p>Rabas juohkeha\u017e\u017eii Musihkka- ja te\u00e1htergirjer\u00e1jus lea rabas juohkeha\u017e\u017eii. Min luoikit leat sihke priv\u00e1hta olbmot ja kulturbargit ja maidd\u00e1i oahpaheaddjit, studeanttat ja dutkit. D\u00e1ppe s\u00e1ht\u00e1t ollu musihka, te\u00e1hter ja d\u00e1nssa surggiid siskkobealde luoikat. Mis lea maid stuorra \u010doakk\u00e1ldat, vearditmeahttun ja historjj\u00e1la\u0161 materi\u00e1las. Mii geat bargat girjer\u00e1djosis veahkehit \u00e1innas du g\u00e1vdnat die\u0111uid maid ozat. Luoikka ja vie\u010d\u010da [&hellip;]<\/p>\n","protected":false},"author":2,"featured_media":0,"parent":0,"menu_order":-100,"comment_status":"closed","ping_status":"open","template":"","meta":{"_acf_changed":false,"footnotes":""},"class_list":["post-416","page","type-page","status-publish","hentry"],"acf":[],"yoast_head":"<!-- This site is optimized with the Yoast SEO plugin v25.8 - https:\/\/yoast.com\/wordpress\/plugins\/seo\/ -->\n<title>Musihkka- ja te\u00e1htergirjer\u00e1djosa birra \/ Musik- och teaterbiblioteket - Musik- och Teaterbiblioteket<\/title>\n<meta name=\"robots\" content=\"index, follow, max-snippet:-1, max-image-preview:large, max-video-preview:-1\" \/>\n<link rel=\"canonical\" href=\"https:\/\/musikochteaterbiblioteket.se\/\" \/>\n<meta property=\"og:locale\" content=\"en_US\" \/>\n<meta property=\"og:type\" content=\"article\" \/>\n<meta property=\"og:title\" content=\"Musihkka- ja te\u00e1htergirjer\u00e1djosa birra \/ Musik- och teaterbiblioteket - Musik- och Teaterbiblioteket\" \/>\n<meta property=\"og:description\" content=\"Rabas juohkeha\u017e\u017eii Musihkka- ja te\u00e1htergirjer\u00e1jus lea rabas juohkeha\u017e\u017eii. Min luoikit leat sihke priv\u00e1hta olbmot ja kulturbargit ja maidd\u00e1i oahpaheaddjit, studeanttat ja dutkit. D\u00e1ppe s\u00e1ht\u00e1t ollu musihka, te\u00e1hter ja d\u00e1nssa surggiid siskkobealde luoikat. Mis lea maid stuorra \u010doakk\u00e1ldat, vearditmeahttun ja historjj\u00e1la\u0161 materi\u00e1las. Mii geat bargat girjer\u00e1djosis veahkehit \u00e1innas du g\u00e1vdnat die\u0111uid maid ozat. Luoikka ja vie\u010d\u010da [&hellip;]\" \/>\n<meta property=\"og:url\" content=\"https:\/\/musikochteaterbiblioteket.se\/\" \/>\n<meta property=\"og:site_name\" content=\"Musik- och Teaterbiblioteket\" \/>\n<meta property=\"article:modified_time\" content=\"2024-11-04T08:49:30+00:00\" \/>\n<meta name=\"twitter:card\" content=\"summary_large_image\" \/>\n<meta name=\"twitter:label1\" content=\"Est. reading time\" \/>\n\t<meta name=\"twitter:data1\" content=\"2 minutes\" \/>\n<script type=\"application\/ld+json\" class=\"yoast-schema-graph\">{\"@context\":\"https:\/\/schema.org\",\"@graph\":[{\"@type\":\"WebPage\",\"@id\":\"https:\/\/musikochteaterbiblioteket.se\/\",\"url\":\"https:\/\/musikochteaterbiblioteket.se\/\",\"name\":\"Musihkka- ja te\u00e1htergirjer\u00e1djosa birra \/ Musik- och teaterbiblioteket - Musik- och Teaterbiblioteket\",\"isPartOf\":{\"@id\":\"https:\/\/musikochteaterbiblioteket.se\/#website\"},\"datePublished\":\"2024-02-28T12:17:30+00:00\",\"dateModified\":\"2024-11-04T08:49:30+00:00\",\"breadcrumb\":{\"@id\":\"https:\/\/musikochteaterbiblioteket.se\/#breadcrumb\"},\"inLanguage\":\"sm\",\"potentialAction\":[{\"@type\":\"ReadAction\",\"target\":[\"https:\/\/musikochteaterbiblioteket.se\/\"]}]},{\"@type\":\"BreadcrumbList\",\"@id\":\"https:\/\/musikochteaterbiblioteket.se\/#breadcrumb\",\"itemListElement\":[{\"@type\":\"ListItem\",\"position\":1,\"name\":\"Home\",\"item\":\"https:\/\/musikochteaterbiblioteket.se\/\"},{\"@type\":\"ListItem\",\"position\":2,\"name\":\"Musihkka- ja te\u00e1htergirjer\u00e1djosa birra \/ Musik- och teaterbiblioteket\"}]},{\"@type\":\"WebSite\",\"@id\":\"https:\/\/musikochteaterbiblioteket.se\/#website\",\"url\":\"https:\/\/musikochteaterbiblioteket.se\/\",\"name\":\"Musik- och Teaterbiblioteket\",\"description\":\"\",\"potentialAction\":[{\"@type\":\"SearchAction\",\"target\":{\"@type\":\"EntryPoint\",\"urlTemplate\":\"https:\/\/musikochteaterbiblioteket.se\/?s={search_term_string}\"},\"query-input\":{\"@type\":\"PropertyValueSpecification\",\"valueRequired\":true,\"valueName\":\"search_term_string\"}}],\"inLanguage\":\"sm\"}]}<\/script>\n<!-- \/ Yoast SEO plugin. -->","yoast_head_json":{"title":"Musihkka- ja te\u00e1htergirjer\u00e1djosa birra \/ Musik- och teaterbiblioteket - Musik- och Teaterbiblioteket","robots":{"index":"index","follow":"follow","max-snippet":"max-snippet:-1","max-image-preview":"max-image-preview:large","max-video-preview":"max-video-preview:-1"},"canonical":"https:\/\/musikochteaterbiblioteket.se\/","og_locale":"en_US","og_type":"article","og_title":"Musihkka- ja te\u00e1htergirjer\u00e1djosa birra \/ Musik- och teaterbiblioteket - Musik- och Teaterbiblioteket","og_description":"Rabas juohkeha\u017e\u017eii Musihkka- ja te\u00e1htergirjer\u00e1jus lea rabas juohkeha\u017e\u017eii. Min luoikit leat sihke priv\u00e1hta olbmot ja kulturbargit ja maidd\u00e1i oahpaheaddjit, studeanttat ja dutkit. D\u00e1ppe s\u00e1ht\u00e1t ollu musihka, te\u00e1hter ja d\u00e1nssa surggiid siskkobealde luoikat. Mis lea maid stuorra \u010doakk\u00e1ldat, vearditmeahttun ja historjj\u00e1la\u0161 materi\u00e1las. Mii geat bargat girjer\u00e1djosis veahkehit \u00e1innas du g\u00e1vdnat die\u0111uid maid ozat. Luoikka ja vie\u010d\u010da [&hellip;]","og_url":"https:\/\/musikochteaterbiblioteket.se\/","og_site_name":"Musik- och Teaterbiblioteket","article_modified_time":"2024-11-04T08:49:30+00:00","twitter_card":"summary_large_image","twitter_misc":{"Est. reading time":"2 minutes"},"schema":{"@context":"https:\/\/schema.org","@graph":[{"@type":"WebPage","@id":"https:\/\/musikochteaterbiblioteket.se\/","url":"https:\/\/musikochteaterbiblioteket.se\/","name":"Musihkka- ja te\u00e1htergirjer\u00e1djosa birra \/ Musik- och teaterbiblioteket - Musik- och Teaterbiblioteket","isPartOf":{"@id":"https:\/\/musikochteaterbiblioteket.se\/#website"},"datePublished":"2024-02-28T12:17:30+00:00","dateModified":"2024-11-04T08:49:30+00:00","breadcrumb":{"@id":"https:\/\/musikochteaterbiblioteket.se\/#breadcrumb"},"inLanguage":"sm","potentialAction":[{"@type":"ReadAction","target":["https:\/\/musikochteaterbiblioteket.se\/"]}]},{"@type":"BreadcrumbList","@id":"https:\/\/musikochteaterbiblioteket.se\/#breadcrumb","itemListElement":[{"@type":"ListItem","position":1,"name":"Home","item":"https:\/\/musikochteaterbiblioteket.se\/"},{"@type":"ListItem","position":2,"name":"Musihkka- ja te\u00e1htergirjer\u00e1djosa birra \/ Musik- och teaterbiblioteket"}]},{"@type":"WebSite","@id":"https:\/\/musikochteaterbiblioteket.se\/#website","url":"https:\/\/musikochteaterbiblioteket.se\/","name":"Musik- och Teaterbiblioteket","description":"","potentialAction":[{"@type":"SearchAction","target":{"@type":"EntryPoint","urlTemplate":"https:\/\/musikochteaterbiblioteket.se\/?s={search_term_string}"},"query-input":{"@type":"PropertyValueSpecification","valueRequired":true,"valueName":"search_term_string"}}],"inLanguage":"sm"}]}},"_links":{"self":[{"href":"https:\/\/musikochteaterbiblioteket.se\/sm\/wp-json\/wp\/v2\/pages\/416","targetHints":{"allow":["GET"]}}],"collection":[{"href":"https:\/\/musikochteaterbiblioteket.se\/sm\/wp-json\/wp\/v2\/pages"}],"about":[{"href":"https:\/\/musikochteaterbiblioteket.se\/sm\/wp-json\/wp\/v2\/types\/page"}],"author":[{"embeddable":true,"href":"https:\/\/musikochteaterbiblioteket.se\/sm\/wp-json\/wp\/v2\/users\/2"}],"replies":[{"embeddable":true,"href":"https:\/\/musikochteaterbiblioteket.se\/sm\/wp-json\/wp\/v2\/comments?post=416"}],"version-history":[{"count":1,"href":"https:\/\/musikochteaterbiblioteket.se\/sm\/wp-json\/wp\/v2\/pages\/416\/revisions"}],"predecessor-version":[{"id":417,"href":"https:\/\/musikochteaterbiblioteket.se\/sm\/wp-json\/wp\/v2\/pages\/416\/revisions\/417"}],"wp:attachment":[{"href":"https:\/\/musikochteaterbiblioteket.se\/sm\/wp-json\/wp\/v2\/media?parent=416"}],"curies":[{"name":"wp","href":"https:\/\/api.w.org\/{rel}","templated":true}]}}